{"id":597,"date":"2024-10-10T14:50:48","date_gmt":"2024-10-10T14:50:48","guid":{"rendered":"https:\/\/vestpartners.es\/?page_id=597"},"modified":"2025-02-05T16:15:26","modified_gmt":"2025-02-05T16:15:26","slug":"vestpartners-restructuraciones","status":"publish","type":"page","link":"https:\/\/vestpartners.es\/en\/vestpartners-restructuraciones\/","title":{"rendered":"Restructuring"},"content":{"rendered":"<p>[et_pb_section fb_built=\u00bb1&#8243; admin_label=\u00bbHeader\u00bb _builder_version=\u00bb4.20.0&#8243; _module_preset=\u00bbdefault\u00bb use_background_color_gradient=\u00bbon\u00bb background_color_gradient_stops=\u00bb#325889 0%|#325889 100%\u00bb background_color_gradient_overlays_image=\u00bbon\u00bb background_enable_image=\u00bboff\u00bb background_enable_pattern_style=\u00bbon\u00bb background_pattern_style=\u00bbscallops\u00bb background_pattern_transform=\u00bbflip_horizontal|flip_vertical\u00bb background_pattern_size=\u00bbcustom\u00bb background_pattern_width=\u00bb1000px\u00bb background_pattern_height=\u00bb1000px\u00bb background_pattern_vertical_offset=\u00bb87%\u00bb locked=\u00bboff\u00bb collapsed=\u00bbon\u00bb global_colors_info=\u00bb{%22gcid-9fa4a1b6-767d-41ca-984c-a6f10449c843%22:%91%22background_color_gradient_stops%22%93}\u00bb][et_pb_row _builder_version=\u00bb4.20.0&#8243; _module_preset=\u00bbdefault\u00bb global_colors_info=\u00bb{}\u00bb][et_pb_column type=\u00bb4_4&#8243; _builder_version=\u00bb4.20.0&#8243; _module_preset=\u00bbdefault\u00bb global_colors_info=\u00bb{}\u00bb][et_pb_text _builder_version=\u00bb4.20.0&#8243; _module_preset=\u00bb_initial\u00bb header_font=\u00bbNanum Myeongjo|||on|||||\u00bb header_text_color=\u00bbgcid-11d3dbbb-f6dc-4fb8-929b-9d6994368d00&#8243; header_font_size=\u00bb72px\u00bb header_line_height=\u00bb1.2em\u00bb text_orientation=\u00bbcenter\u00bb header_font_size_tablet=\u00bb40px\u00bb header_font_size_phone=\u00bb24px\u00bb header_font_size_last_edited=\u00bbon|desktop\u00bb inline_fonts=\u00bbPoppins\u00bb global_colors_info=\u00bb{%22gcid-11d3dbbb-f6dc-4fb8-929b-9d6994368d00%22:%91%22header_text_color%22%93}\u00bb]<\/p>\n<h1><strong><span style=\"color: #ffffff; font-family: Poppins;\">reestructuraciones<\/span><\/strong><\/h1>\n<p>[\/et_pb_text][et_pb_text _builder_version=\u00bb4.27.4&#8243; _module_preset=\u00bbdefault\u00bb inline_fonts=\u00bbPlayfair Display\u00bb global_colors_info=\u00bb{}\u00bb]<\/p>\n<p style=\"text-align: center;\"><span style=\"font-size: large; font-family: 'Playfair Display'; font-weight: normal; color: #ffffff;\">Nuestro equipo combina experiencia en finanzas, estrategia y gesti\u00f3n del cambio para dise\u00f1ar e implementar soluciones de reestructuraci\u00f3n efectivas.<\/span><\/p>\n<p style=\"text-align: center;\"><span style=\"font-size: large; font-family: 'Playfair Display'; font-weight: normal; color: #ffffff;\">Nos enfocamos en\u00a0optimizar procesos, mejorar la\u00a0eficiencia operativa\u00a0y fortalecer la\u00a0posici\u00f3n financiera\u00a0de su empresa, garantizando su\u00a0viabilidad\u00a0y\u00a0crecimiento\u00a0a largo plazo.<\/span><\/p>\n<p>[\/et_pb_text][\/et_pb_column][\/et_pb_row][\/et_pb_section][et_pb_section fb_built=\u00bb1&#8243; _builder_version=\u00bb4.27.4&#8243; _module_preset=\u00bbdefault\u00bb global_colors_info=\u00bb{}\u00bb][et_pb_row column_structure=\u00bb1_2,1_2&#8243; _builder_version=\u00bb4.27.2&#8243; _module_preset=\u00bbdefault\u00bb custom_margin=\u00bb-7px|auto||auto||\u00bb custom_padding=\u00bb||36px|||\u00bb global_colors_info=\u00bb{}\u00bb][et_pb_column type=\u00bb1_2&#8243; _builder_version=\u00bb4.27.2&#8243; _module_preset=\u00bbdefault\u00bb global_colors_info=\u00bb{}\u00bb][et_pb_blurb title=\u00bbAsistencia y negociaci\u00f3n de planes de Reestructuraci\u00f3n\u00bb use_icon=\u00bbon\u00bb font_icon=\u00bb&#x3d;||divi||400&#8243; icon_color=\u00bb#063e89&#8243; icon_placement=\u00bbleft\u00bb content_max_width=\u00bb1100px\u00bb _builder_version=\u00bb4.27.4&#8243; _module_preset=\u00bbdefault\u00bb header_font=\u00bbPoppins||||||||\u00bb header_font_size=\u00bb18px\u00bb body_font=\u00bbPlayfair Display||||||||\u00bb body_font_size=\u00bb15px\u00bb custom_padding=\u00bb0px|||||\u00bb global_colors_info=\u00bb{}\u00bb]<\/p>\n<p class=\"whitespace-pre-wrap break-words\">Ofrecemos asesoramiento experto para guiar a su empresa a trav\u00e9s de procesos de reestructuraci\u00f3n complejos, maximizando la eficiencia y minimizando el impacto operativo.<\/p>\n<p>[\/et_pb_blurb][et_pb_blurb title=\u00bbTest de inter\u00e9s superior de los acreedores (BIC)\u00bb use_icon=\u00bbon\u00bb font_icon=\u00bb&#x3d;||divi||400&#8243; icon_color=\u00bb#063e89&#8243; icon_placement=\u00bbleft\u00bb content_max_width=\u00bb1100px\u00bb _builder_version=\u00bb4.27.2&#8243; _module_preset=\u00bbdefault\u00bb header_font=\u00bbPoppins||||||||\u00bb header_font_size=\u00bb18px\u00bb body_font=\u00bbPlayfair Display||||||||\u00bb body_font_size=\u00bb15px\u00bb locked=\u00bboff\u00bb global_colors_info=\u00bb{}\u00bb]<\/p>\n<p class=\"whitespace-pre-wrap break-words\">Realizamos an\u00e1lisis exhaustivos para determinar y documentar que el plan de reestructuraci\u00f3n propuesto satisface el mejor inter\u00e9s de los acreedores, garantizando su viabilidad y optimizaci\u00f3n econ\u00f3mica.<\/p>\n<p>[\/et_pb_blurb][et_pb_blurb title=\u00bbDict\u00e1menes periciales ante impugnaciones de Autos de homologaci\u00f3n de Planes de Reestructuraci\u00f3n\u00bb use_icon=\u00bbon\u00bb font_icon=\u00bb&#x3d;||divi||400&#8243; icon_color=\u00bb#063e89&#8243; icon_placement=\u00bbleft\u00bb content_max_width=\u00bb1100px\u00bb _builder_version=\u00bb4.27.2&#8243; _module_preset=\u00bbdefault\u00bb header_font=\u00bbPoppins||||||||\u00bb header_font_size=\u00bb18px\u00bb body_font=\u00bbPlayfair Display||||||||\u00bb body_font_size=\u00bb15px\u00bb locked=\u00bboff\u00bb global_colors_info=\u00bb{}\u00bb]<\/p>\n<p class=\"whitespace-pre-wrap break-words\">Proporcionamos informes t\u00e9cnicos especializados para defender la validez y pertinencia de los planes de reestructuraci\u00f3n homologados, respaldando con evidencia s\u00f3lida las decisiones judiciales.<\/p>\n<p>[\/et_pb_blurb][et_pb_blurb title=\u00bbAsesoramiento en compraventa de unidades productivas en situaciones de crisis o distress, as\u00ed como unidades de negocio\u00bb use_icon=\u00bbon\u00bb font_icon=\u00bb&#x3d;||divi||400&#8243; icon_color=\u00bb#063e89&#8243; icon_placement=\u00bbleft\u00bb content_max_width=\u00bb1100px\u00bb _builder_version=\u00bb4.27.4&#8243; _module_preset=\u00bbdefault\u00bb header_font=\u00bbPoppins||||||||\u00bb header_font_size=\u00bb18px\u00bb body_font=\u00bbPlayfair Display||||||||\u00bb body_font_size=\u00bb15px\u00bb locked=\u00bboff\u00bb global_colors_info=\u00bb{}\u00bb title__hover_enabled=\u00bbon|desktop\u00bb title__hover=\u00bbAsesoramiento en compraventa de unidades productivas en situaciones de crisis o distress, as\u00ed como unidades de negocio\u00bb]<\/p>\n<p class=\"whitespace-pre-wrap break-words\">Facilitamos el proceso de adquisici\u00f3n y venta de activos empresariales en contextos de dificultad financiera, maximizando su valor y asegurando la continuidad operativa.<\/p>\n<p>[\/et_pb_blurb][et_pb_blurb title=\u00bbCash management\u00bb use_icon=\u00bbon\u00bb font_icon=\u00bb&#x3d;||divi||400&#8243; icon_color=\u00bb#063e89&#8243; icon_placement=\u00bbleft\u00bb content_max_width=\u00bb1100px\u00bb _builder_version=\u00bb4.27.2&#8243; _module_preset=\u00bbdefault\u00bb header_font=\u00bbPoppins||||||||\u00bb header_font_size=\u00bb18px\u00bb body_font=\u00bbPlayfair Display||||||||\u00bb body_font_size=\u00bb15px\u00bb locked=\u00bboff\u00bb global_colors_info=\u00bb{}\u00bb]<\/p>\n<p class=\"whitespace-pre-wrap break-words\">Implementamos estrategias efectivas de gesti\u00f3n de tesorer\u00eda para optimizar la liquidez y el flujo de caja, asegurando la estabilidad financiera durante el proceso de reestructuraci\u00f3n.<\/p>\n<p>[\/et_pb_blurb][\/et_pb_column][et_pb_column type=\u00bb1_2&#8243; _builder_version=\u00bb4.27.2&#8243; _module_preset=\u00bbdefault\u00bb global_colors_info=\u00bb{}\u00bb][et_pb_blurb title=\u00bbAcompa\u00f1amiento y asesoramiento financiero a sus asesores legales y a Ustedes durante el proceso \u00bb use_icon=\u00bbon\u00bb font_icon=\u00bb&#x3d;||divi||400&#8243; icon_color=\u00bb#063e89&#8243; icon_placement=\u00bbleft\u00bb content_max_width=\u00bb1100px\u00bb _builder_version=\u00bb4.27.2&#8243; _module_preset=\u00bbdefault\u00bb header_font=\u00bbPoppins||||||||\u00bb header_font_size=\u00bb18px\u00bb body_font=\u00bbPlayfair Display||||||||\u00bb body_font_size=\u00bb15px\u00bb custom_padding=\u00bb||0px|||\u00bb locked=\u00bboff\u00bb global_colors_info=\u00bb{}\u00bb]<\/p>\n<p class=\"whitespace-pre-wrap break-words\">Brindamos soporte integral y orientaci\u00f3n especializada a su equipo legal y directivo, facilitando la toma de decisiones informadas durante toda la reestructuraci\u00f3n.<\/p>\n<p>[\/et_pb_blurb][et_pb_blurb title=\u00bbValoraci\u00f3n de empresa en funcionamiento y determinaci\u00f3n de donde corta el valor\u00bb use_icon=\u00bbon\u00bb font_icon=\u00bb&#x3d;||divi||400&#8243; icon_color=\u00bb#063e89&#8243; icon_placement=\u00bbleft\u00bb content_max_width=\u00bb1100px\u00bb _builder_version=\u00bb4.27.2&#8243; _module_preset=\u00bbdefault\u00bb header_font=\u00bbPoppins||||||||\u00bb header_font_size=\u00bb18px\u00bb body_font=\u00bbPlayfair Display||||||||\u00bb body_font_size=\u00bb15px\u00bb locked=\u00bboff\u00bb global_colors_info=\u00bb{}\u00bb]<\/p>\n<p class=\"whitespace-pre-wrap break-words\">Desarrollamos an\u00e1lisis detallados del valor empresarial en marcha, identificando con precisi\u00f3n los puntos cr\u00edticos de ruptura en la cadena de valor y las oportunidades de optimizaci\u00f3n.<\/p>\n<p>[\/et_pb_blurb][et_pb_blurb title=\u00bbExperto en Reestructuraci\u00f3n designado por el Juzgado\u00bb use_icon=\u00bbon\u00bb font_icon=\u00bb&#x3d;||divi||400&#8243; icon_color=\u00bb#063e89&#8243; icon_placement=\u00bbleft\u00bb content_max_width=\u00bb1100px\u00bb _builder_version=\u00bb4.27.2&#8243; _module_preset=\u00bbdefault\u00bb header_font=\u00bbPoppins||||||||\u00bb header_font_size=\u00bb18px\u00bb body_font=\u00bbPlayfair Display||||||||\u00bb body_font_size=\u00bb15px\u00bb locked=\u00bboff\u00bb global_colors_info=\u00bb{}\u00bb]<\/p>\n<p class=\"whitespace-pre-wrap break-words\">Actuamos como peritos judiciales independientes, aportando experiencia t\u00e9cnica y criterio profesional para facilitar la toma de decisiones en procesos de reestructuraci\u00f3n supervisados por el juzgado.<\/p>\n<p>[\/et_pb_blurb][et_pb_blurb title=\u00bbAsistencia en los procesos negociaci\u00f3n y refinanciaci\u00f3n con acreedores\u00bb use_icon=\u00bbon\u00bb font_icon=\u00bb&#x3d;||divi||400&#8243; icon_color=\u00bb#063e89&#8243; icon_placement=\u00bbleft\u00bb content_max_width=\u00bb1100px\u00bb _builder_version=\u00bb4.27.2&#8243; _module_preset=\u00bbdefault\u00bb header_font=\u00bbPoppins||||||||\u00bb header_font_size=\u00bb18px\u00bb body_font=\u00bbPlayfair Display||||||||\u00bb body_font_size=\u00bb15px\u00bb locked=\u00bboff\u00bb global_colors_info=\u00bb{}\u00bb]<\/p>\n<p class=\"whitespace-pre-wrap break-words\">Facilitamos las negociaciones con acreedores, dise\u00f1ando estrategias efectivas de refinanciaci\u00f3n y alcanzando acuerdos que beneficien a todas las partes involucradas.<\/p>\n<p>[\/et_pb_blurb][et_pb_blurb title=\u00bbDict\u00e1menes periciales en otras disputas relacionadas con procesos de reestructuraci\u00f3n e insolvencia.\u00bb use_icon=\u00bbon\u00bb font_icon=\u00bb&#x3d;||divi||400&#8243; icon_color=\u00bb#063e89&#8243; icon_placement=\u00bbleft\u00bb content_max_width=\u00bb1100px\u00bb _builder_version=\u00bb4.27.2&#8243; _module_preset=\u00bbdefault\u00bb header_font=\u00bbPoppins||||||||\u00bb header_font_size=\u00bb18px\u00bb body_font=\u00bbPlayfair Display||||||||\u00bb body_font_size=\u00bb15px\u00bb locked=\u00bboff\u00bb global_colors_info=\u00bb{}\u00bb]<\/p>\n<div class=\"font-claude-message  pr-4  md:pr-9  relative  leading-[1.65rem]  [&amp;_pre&gt;div]:bg-bg-300  [&amp;_.ignore-pre-bg&gt;div]:bg-transparent  [&amp;_pre]:-mr-4  md:[&amp;_pre]:-mr-9\">\n<div>\n<div class=\"grid-cols-1 grid gap-2.5 [&amp;_&gt;_*]:min-w-0\">\n<p class=\"whitespace-pre-wrap break-words\">Elaboramos informes periciales rigurosos para resolver controversias en procesos de reestructuraci\u00f3n e insolvencia, aportando an\u00e1lisis t\u00e9cnico y evidencia objetiva para la resoluci\u00f3n de conflictos.<\/p>\n<\/div>\n<\/div>\n<\/div>\n<div class=\"absolute -bottom-0 -right-1.5\">\n<div class=\"border-0.5 border-border-300 flex items-center translate-y-1\/2 rounded-lg shadow-sm transition bg-bg-000 p-1\">\n<div class=\"text-text-400 flex items-stretch justify-between gap-0.5\">\n<div class=\"flex gap-0.5\"><\/div>\n<\/div>\n<\/div>\n<\/div>\n<p>[\/et_pb_blurb][\/et_pb_column][\/et_pb_row][et_pb_row column_structure=\u00bb1_2,1_2&#8243; make_equal=\u00bbon\u00bb _builder_version=\u00bb4.27.4&#8243; _module_preset=\u00bbdefault\u00bb custom_margin=\u00bb-1vw|auto||auto|false|false\u00bb custom_padding=\u00bb||13px|||\u00bb locked=\u00bboff\u00bb global_colors_info=\u00bb{}\u00bb][et_pb_column type=\u00bb1_2&#8243; _builder_version=\u00bb4.27.4&#8243; _dynamic_attributes=\u00bblink_option_url\u00bb _module_preset=\u00bbdefault\u00bb use_background_color_gradient=\u00bbon\u00bb background_color_gradient_stops=\u00bb#325889 0%|#325889 100%\u00bb background_color_gradient_overlays_image=\u00bbon\u00bb background_enable_image=\u00bboff\u00bb background_enable_pattern_style=\u00bbon\u00bb background_pattern_style=\u00bbscallops\u00bb background_pattern_transform=\u00bbflip_horizontal|flip_vertical\u00bb background_pattern_size=\u00bbcustom\u00bb background_pattern_width=\u00bb1000px\u00bb background_pattern_height=\u00bb1000px\u00bb background_pattern_repeat_origin=\u00bbtop_center\u00bb background_pattern_vertical_offset=\u00bb87%\u00bb custom_padding=\u00bb60px|30px|60px|30px|true|true\u00bb custom_padding_tablet=\u00bb40px||40px||true|false\u00bb custom_padding_phone=\u00bb30px|20px|30px|20px|true|true\u00bb custom_padding_last_edited=\u00bbon|desktop\u00bb link_option_url=\u00bb@ET-DC@eyJkeW5hbWljIjp0cnVlLCJjb250ZW50IjoicG9zdF9saW5rX3VybF9wYWdlIiwic2V0dGluZ3MiOnsicG9zdF9pZCI6IjY0NSJ9fQ==@\u00bb global_colors_info=\u00bb{}\u00bb][et_pb_text _builder_version=\u00bb4.27.4&#8243; _module_preset=\u00bb96d3f737-6114-4056-9e4d-23f4e20ab05a\u00bb header_3_text_color=\u00bb#FFFFFF\u00bb text_orientation=\u00bbcenter\u00bb inline_fonts=\u00bbABeeZee,Nanum Myeongjo,Montserrat,Nanum Gothic,Poppins\u00bb global_colors_info=\u00bb{}\u00bb]<\/p>\n<h2 style=\"text-align: center;\"><span style=\"font-size: x-large; font-family: Poppins; font-weight: normal;\"><span style=\"color: #ffffff;\"><strong>ASESORAMIENTO <\/strong><\/span><span style=\"color: #ffffff;\"><strong>CORPORATIVO<\/strong><\/span><\/span><\/h2>\n<p>[\/et_pb_text][\/et_pb_column][et_pb_column type=\u00bb1_2&#8243; _builder_version=\u00bb4.27.3&#8243; _dynamic_attributes=\u00bblink_option_url\u00bb _module_preset=\u00bbdefault\u00bb use_background_color_gradient=\u00bbon\u00bb background_color_gradient_stops=\u00bb#325889 0%|#325889 100%\u00bb background_color_gradient_overlays_image=\u00bbon\u00bb background_enable_image=\u00bboff\u00bb background_enable_pattern_style=\u00bbon\u00bb background_pattern_style=\u00bbscallops\u00bb background_pattern_transform=\u00bbflip_horizontal|flip_vertical\u00bb background_pattern_size=\u00bbcustom\u00bb background_pattern_width=\u00bb1000px\u00bb background_pattern_height=\u00bb1000px\u00bb background_pattern_repeat_origin=\u00bbtop_right\u00bb background_pattern_vertical_offset=\u00bb87%\u00bb custom_padding=\u00bb60px|30px|60px|30px|true|true\u00bb custom_padding_tablet=\u00bb40px||40px||true|false\u00bb custom_padding_phone=\u00bb30px|20px|30px|20px|true|true\u00bb custom_padding_last_edited=\u00bbon|desktop\u00bb link_option_url=\u00bb@ET-DC@eyJkeW5hbWljIjp0cnVlLCJjb250ZW50IjoicG9zdF9saW5rX3VybF9wYWdlIiwic2V0dGluZ3MiOnsicG9zdF9pZCI6IjU4NyJ9fQ==@\u00bb global_colors_info=\u00bb{}\u00bb][et_pb_text _builder_version=\u00bb4.27.4&#8243; _module_preset=\u00bb96d3f737-6114-4056-9e4d-23f4e20ab05a\u00bb header_3_text_color=\u00bb#FFFFFF\u00bb text_orientation=\u00bbcenter\u00bb inline_fonts=\u00bbNanum Myeongjo,Montserrat,Nanum Gothic,Poppins\u00bb global_colors_info=\u00bb{}\u00bb]<\/p>\n<h2><span style=\"color: #ffffff; font-family: Poppins; font-weight: normal; font-size: x-large;\"><strong>DISPUTAS<\/strong><\/span><\/h2>\n<p>[\/et_pb_text][\/et_pb_column][\/et_pb_row][\/et_pb_section][et_pb_section fb_built=\u00bb1&#8243; specialty=\u00bbon\u00bb padding_top_2=\u00bb90px\u00bb padding_top_bottom_link_2=\u00bbfalse\u00bb padding_left_right_link_2=\u00bbfalse\u00bb padding_2_tablet=\u00bb0px||||false|false\u00bb padding_2_phone=\u00bb0px||||false|false\u00bb padding_2_last_edited=\u00bbon|desktop\u00bb admin_label=\u00bbFeatures\u00bb _builder_version=\u00bb4.27.4&#8243; _module_preset=\u00bbdefault\u00bb background_color=\u00bb#FFFFFF\u00bb custom_padding=\u00bb15px|||||\u00bb collapsed=\u00bbon\u00bb global_colors_info=\u00bb{}\u00bb][et_pb_column type=\u00bb1_2&#8243; specialty_columns=\u00bb2&#8243; _builder_version=\u00bb4.16&#8243; _module_preset=\u00bbdefault\u00bb custom_padding=\u00bb|||\u00bb global_colors_info=\u00bb{}\u00bb custom_padding__hover=\u00bb|||\u00bb][et_pb_row_inner column_structure=\u00bb1_2,1_2&#8243; use_custom_gutter=\u00bbon\u00bb gutter_width=\u00bb1&#8243; _builder_version=\u00bb4.27.4&#8243; _module_preset=\u00bbdefault\u00bb custom_margin=\u00bb||-13px|||\u00bb custom_padding=\u00bb1px|||||\u00bb global_colors_info=\u00bb{}\u00bb][et_pb_column_inner type=\u00bb1_2&#8243; saved_specialty_column_type=\u00bb1_2&#8243; disabled_on=\u00bbon|off|off\u00bb _builder_version=\u00bb4.27.4&#8243; _module_preset=\u00bbdefault\u00bb custom_padding=\u00bb60px||||false|false\u00bb custom_padding_tablet=\u00bb60px||||false|false\u00bb custom_padding_phone=\u00bb0px||||false|false\u00bb custom_padding_last_edited=\u00bbon|desktop\u00bb global_colors_info=\u00bb{}\u00bb][et_pb_image src=\u00bbhttps:\/\/vestpartners.es\/wp-content\/uploads\/2024\/10\/attorney-19.jpg\u00bb title_text=\u00bbattorney-19&#8243; _builder_version=\u00bb4.27.4&#8243; _module_preset=\u00bbdefault\u00bb global_colors_info=\u00bb{}\u00bb][\/et_pb_image][\/et_pb_column_inner][et_pb_column_inner type=\u00bb1_2&#8243; saved_specialty_column_type=\u00bb1_2&#8243; _builder_version=\u00bb4.20.0&#8243; _module_preset=\u00bbdefault\u00bb global_colors_info=\u00bb{}\u00bb][et_pb_image src=\u00bbhttps:\/\/vestpartners.es\/wp-content\/uploads\/2024\/11\/Diseno-sin-titulo-15.png\u00bb title_text=\u00bbDise\u00f1o sin t\u00edtulo (15)\u00bb disabled_on=\u00bbon|off|off\u00bb _builder_version=\u00bb4.27.4&#8243; _module_preset=\u00bbdefault\u00bb locked=\u00bboff\u00bb global_colors_info=\u00bb{}\u00bb][\/et_pb_image][\/et_pb_column_inner][\/et_pb_row_inner][\/et_pb_column][et_pb_column type=\u00bb1_2&#8243; _builder_version=\u00bb4.16&#8243; _module_preset=\u00bbdefault\u00bb custom_padding=\u00bb|||\u00bb global_colors_info=\u00bb{}\u00bb custom_padding__hover=\u00bb|||\u00bb][et_pb_text content_tablet=\u00bb<\/p>\n<h2><span style=%22color: #545454;%22><strong><span style=%22font-family: Poppins;%22>LA EXPERIENCIA NOS AVALA<\/span><\/strong><\/span><\/h2>\n<p>\u00bb content_phone=\u00bb<\/p>\n<h3><span style=%22color: #545454; font-size: xx-large;%22><strong><span style=%22font-family: Poppins;%22>LA EXPERIENCIA NOS AVALA<\/span><\/strong><\/span><\/h3>\n<p>\u00bb content_last_edited=\u00bbon|phone\u00bb _builder_version=\u00bb4.27.4&#8243; _module_preset=\u00bbffcd1e81-b4b4-4e44-9972-f44a93db8c24&#8243; inline_fonts=\u00bbPoppins\u00bb global_colors_info=\u00bb{%22gcid-11d3dbbb-f6dc-4fb8-929b-9d6994368d00%22:%91%22header_2_text_color%22,%22header_2_text_color%22,%22header_2_text_color%22%93}\u00bb]<\/p>\n<h2><span style=\"color: #545454;\"><strong><span style=\"font-family: Poppins;\">LA EXPERIENCIA NOS AVALA<\/span><\/strong><\/span><\/h2>\n<p>[\/et_pb_text][et_pb_button button_url=\u00bb@ET-DC@eyJkeW5hbWljIjp0cnVlLCJjb250ZW50IjoicG9zdF9saW5rX3VybF9wYWdlIiwic2V0dGluZ3MiOnsicG9zdF9pZCI6IjI4NyJ9fQ==@\u00bb button_text=\u00bbSOBRE NOSOTROS\u00bb _builder_version=\u00bb4.27.4&#8243; _dynamic_attributes=\u00bbbutton_url\u00bb _module_preset=\u00bbdef4952a-032d-4f0c-9fa8-4ecc45b1d5da\u00bb button_text_color=\u00bb#545454&#8243; button_border_color=\u00bb#000000&#8243; button_font=\u00bbPlayfair Display|800||on|||||\u00bb hover_enabled=\u00bb0&#8243; global_colors_info=\u00bb{}\u00bb custom_css_free_form=\u00bb#boton-sobre-nosotros {||  width: 215px !important;||  display: block !important;||}\u00bb module_id=\u00bbboton-sobre-nosotros\u00bb sticky_enabled=\u00bb0&#8243;][\/et_pb_button][et_pb_social_media_follow _builder_version=\u00bb4.27.4&#8243; _module_preset=\u00bbdefault\u00bb locked=\u00bboff\u00bb global_colors_info=\u00bb{}\u00bb][et_pb_social_media_follow_network social_network=\u00bblinkedin\u00bb url=\u00bbhttps:\/\/www.linkedin.com\/company\/vest-partners-estrada\/\u00bb _builder_version=\u00bb4.27.4&#8243; _module_preset=\u00bbdefault\u00bb background_color=\u00bb#007bb6&#8243; global_colors_info=\u00bb{}\u00bb follow_button=\u00bboff\u00bb url_new_window=\u00bbon\u00bb]linkedin[\/et_pb_social_media_follow_network][\/et_pb_social_media_follow][et_pb_text _builder_version=\u00bb4.20.0&#8243; _module_preset=\u00bb929bfa20-07d0-4e86-8f2d-bcfd68da3c3b\u00bb text_text_color=\u00bb#FFFFFF\u00bb inline_fonts=\u00bbPlayfair Display\u00bb global_colors_info=\u00bb{}\u00bb]<\/p>\n<p><span style=\"color: #545454; font-family: 'Playfair Display'; font-weight: normal;\">Confiar en\u00a0nuestra firma\u00a0significa contar con un\u00a0aliado estrat\u00e9gico\u00a0comprometido con la\u00a0excelencia, la\u00a0integridad\u00a0y los\u00a0resultados. Estamos aqu\u00ed para ayudar a las empresas a navegar por las complejidades del mundo de los negocios y a escribir sus propias historias de \u00e9xito.<\/span><\/p>\n<p>[\/et_pb_text][et_pb_blurb title=\u00bbexcelencia\u00bb use_icon=\u00bbon\u00bb font_icon=\u00bb&#x4e;||divi||400&#8243; icon_color=\u00bb#FFFFFF\u00bb image_icon_width=\u00bb13px\u00bb _builder_version=\u00bb4.27.4&#8243; _module_preset=\u00bb9335d7d1-3bd2-4adb-96bd-0dfbdbfe1ac6&#8243; header_font=\u00bbPoppins|600||on|||||\u00bb header_text_color=\u00bb#545454&#8243; header_font_size=\u00bb18px\u00bb custom_margin=\u00bb||0px|||\u00bb locked=\u00bboff\u00bb global_colors_info=\u00bb{}\u00bb][\/et_pb_blurb][et_pb_blurb title=\u00bbindependencia\u00bb use_icon=\u00bbon\u00bb font_icon=\u00bb&#x4e;||divi||400&#8243; icon_color=\u00bb#FFFFFF\u00bb image_icon_width=\u00bb13px\u00bb _builder_version=\u00bb4.27.4&#8243; _module_preset=\u00bb9335d7d1-3bd2-4adb-96bd-0dfbdbfe1ac6&#8243; header_font=\u00bbPoppins|600||on|||||\u00bb header_text_color=\u00bb#545454&#8243; header_font_size=\u00bb18px\u00bb custom_margin=\u00bb||0px|||\u00bb locked=\u00bboff\u00bb global_colors_info=\u00bb{}\u00bb][\/et_pb_blurb][et_pb_blurb title=\u00bbcompromiso\u00bb use_icon=\u00bbon\u00bb font_icon=\u00bb&#x4e;||divi||400&#8243; icon_color=\u00bb#FFFFFF\u00bb image_icon_width=\u00bb13px\u00bb _builder_version=\u00bb4.27.4&#8243; _module_preset=\u00bb9335d7d1-3bd2-4adb-96bd-0dfbdbfe1ac6&#8243; header_font=\u00bbPoppins|600||on|||||\u00bb header_text_color=\u00bb#545454&#8243; header_font_size=\u00bb18px\u00bb custom_margin=\u00bb||0px|||\u00bb locked=\u00bboff\u00bb global_colors_info=\u00bb{}\u00bb][\/et_pb_blurb][\/et_pb_column][\/et_pb_section]<\/p>\n","protected":false},"excerpt":{"rendered":"<p>reestructuracionesNuestro equipo combina experiencia en finanzas, estrategia y gesti\u00f3n del cambio para dise\u00f1ar e implementar soluciones de reestructuraci\u00f3n efectivas. Nos enfocamos en\u00a0optimizar procesos, mejorar la\u00a0eficiencia operativa\u00a0y fortalecer la\u00a0posici\u00f3n financiera\u00a0de su empresa, garantizando su\u00a0viabilidad\u00a0y\u00a0crecimiento\u00a0a largo plazo.Ofrecemos asesoramiento experto para guiar a su empresa a trav\u00e9s de procesos de reestructuraci\u00f3n complejos, maximizando la eficiencia y minimizando el [&hellip;]<\/p>\n","protected":false},"author":1,"featured_media":0,"parent":0,"menu_order":0,"comment_status":"closed","ping_status":"closed","template":"","meta":{"_et_pb_use_builder":"on","_et_pb_old_content":"","_et_gb_content_width":"","footnotes":""},"class_list":["post-597","page","type-page","status-publish","hentry"],"aioseo_notices":[],"_links":{"self":[{"href":"https:\/\/vestpartners.es\/en\/wp-json\/wp\/v2\/pages\/597","targetHints":{"allow":["GET"]}}],"collection":[{"href":"https:\/\/vestpartners.es\/en\/wp-json\/wp\/v2\/pages"}],"about":[{"href":"https:\/\/vestpartners.es\/en\/wp-json\/wp\/v2\/types\/page"}],"author":[{"embeddable":true,"href":"https:\/\/vestpartners.es\/en\/wp-json\/wp\/v2\/users\/1"}],"replies":[{"embeddable":true,"href":"https:\/\/vestpartners.es\/en\/wp-json\/wp\/v2\/comments?post=597"}],"version-history":[{"count":33,"href":"https:\/\/vestpartners.es\/en\/wp-json\/wp\/v2\/pages\/597\/revisions"}],"predecessor-version":[{"id":1022,"href":"https:\/\/vestpartners.es\/en\/wp-json\/wp\/v2\/pages\/597\/revisions\/1022"}],"wp:attachment":[{"href":"https:\/\/vestpartners.es\/en\/wp-json\/wp\/v2\/media?parent=597"}],"curies":[{"name":"wp","href":"https:\/\/api.w.org\/{rel}","templated":true}]}}