{"id":589,"date":"2024-10-10T14:49:33","date_gmt":"2024-10-10T14:49:33","guid":{"rendered":"https:\/\/vestpartners.es\/?page_id=589"},"modified":"2025-06-04T14:46:08","modified_gmt":"2025-06-04T14:46:08","slug":"home","status":"publish","type":"page","link":"https:\/\/vestpartners.es\/en\/","title":{"rendered":"Home"},"content":{"rendered":"<p>[et_pb_section fb_built=\u00bb1&#8243; disabled_on=\u00bbon|off|off\u00bb admin_label=\u00bbHeader\u00bb _builder_version=\u00bb4.27.4&#8243; _module_preset=\u00bbdefault\u00bb background_image=\u00bbhttps:\/\/vestpartners.es\/wp-content\/uploads\/2025\/03\/Diseno-sin-titulo-25.png\u00bb custom_padding=\u00bb12vw||12vw||true|false\u00bb hover_enabled=\u00bb0&#8243; collapsed=\u00bbon\u00bb global_colors_info=\u00bb{%22gcid-9fa4a1b6-767d-41ca-984c-a6f10449c843%22:%91%22background_color_gradient_stops%22,%22background_color_gradient_stops%22%93}\u00bb sticky_enabled=\u00bb0&#8243;][et_pb_row _builder_version=\u00bb4.27.4&#8243; _module_preset=\u00bbdefault\u00bb transform_translate=\u00bb-15px|0px\u00bb transform_translate_linked=\u00bboff\u00bb custom_padding=\u00bb15px|||||\u00bb hover_enabled=\u00bb0&#8243; global_colors_info=\u00bb{}\u00bb sticky_enabled=\u00bb0&#8243;][et_pb_column type=\u00bb4_4&#8243; _builder_version=\u00bb4.27.2&#8243; _module_preset=\u00bbdefault\u00bb global_colors_info=\u00bb{}\u00bb][et_pb_image src=\u00bbhttps:\/\/vestpartners.es\/wp-content\/uploads\/2025\/06\/12-scaled.png\u00bb title_text=\u00bb12&#8243; _builder_version=\u00bb4.27.4&#8243; _module_preset=\u00bbdefault\u00bb transform_scale=\u00bb110%|110%\u00bb transform_translate=\u00bb-13px|0px\u00bb transform_translate_linked=\u00bboff\u00bb custom_margin=\u00bb||-58px|||\u00bb custom_padding=\u00bb||2px|||\u00bb hover_enabled=\u00bb0&#8243; global_colors_info=\u00bb{}\u00bb sticky_enabled=\u00bb0&#8243;][\/et_pb_image][\/et_pb_column][\/et_pb_row][et_pb_row _builder_version=\u00bb4.27.4&#8243; _module_preset=\u00bbdefault\u00bb global_colors_info=\u00bb{}\u00bb][et_pb_column type=\u00bb4_4&#8243; _builder_version=\u00bb4.27.4&#8243; _module_preset=\u00bbdefault\u00bb global_colors_info=\u00bb{}\u00bb][et_pb_heading title=\u00bbEn Vestpartners somos expertos en procesos de reestructuraci\u00f3n, operaciones corporativas y disputas empresariales\u00bb _builder_version=\u00bb4.27.4&#8243; _module_preset=\u00bbdefault\u00bb title_level=\u00bbh3&#8243; title_font=\u00bbPlayfair Display||on||||||\u00bb title_text_align=\u00bbcenter\u00bb title_text_color=\u00bb#FFFFFF\u00bb title_font_size=\u00bb29px\u00bb global_colors_info=\u00bb{}\u00bb][\/et_pb_heading][\/et_pb_column][\/et_pb_row][\/et_pb_section][et_pb_section fb_built=\u00bb1&#8243; admin_label=\u00bbServices\u00bb _builder_version=\u00bb4.27.2&#8243; _module_preset=\u00bbdefault\u00bb background_color=\u00bb#FFFFFF\u00bb custom_padding=\u00bb||2px|||\u00bb collapsed=\u00bbon\u00bb global_colors_info=\u00bb{%22gcid-2f3f3e09-0a26-4ea7-8906-5e1128945e3f%22:%91%22background_color_gradient_stops%22%93,%22gcid-9fa4a1b6-767d-41ca-984c-a6f10449c843%22:%91%22background_color_gradient_stops%22%93}\u00bb][et_pb_row column_structure=\u00bb1_3,1_3,1_3&#8243; use_custom_gutter=\u00bbon\u00bb make_equal=\u00bbon\u00bb _builder_version=\u00bb4.27.4&#8243; _module_preset=\u00bbdefault\u00bb width=\u00bb88%\u00bb custom_margin=\u00bb-10vw|auto|16px|auto|false|false\u00bb custom_padding=\u00bb0px||13px|||\u00bb global_colors_info=\u00bb{}\u00bb][et_pb_column type=\u00bb1_3&#8243; _builder_version=\u00bb4.27.4&#8243; _dynamic_attributes=\u00bblink_option_url\u00bb _module_preset=\u00bbdefault\u00bb use_background_color_gradient=\u00bbon\u00bb background_color_gradient_stops=\u00bb#325889 0%|#325889 100%\u00bb background_color_gradient_overlays_image=\u00bbon\u00bb background_enable_image=\u00bboff\u00bb background_enable_pattern_style=\u00bbon\u00bb background_pattern_style=\u00bbscallops\u00bb background_pattern_transform=\u00bbflip_horizontal|flip_vertical\u00bb background_pattern_size=\u00bbcustom\u00bb background_pattern_width=\u00bb1000px\u00bb background_pattern_height=\u00bb1000px\u00bb background_pattern_vertical_offset=\u00bb87%\u00bb custom_padding=\u00bb60px|30px|60px|30px|true|true\u00bb custom_padding_tablet=\u00bb40px||40px||true|false\u00bb custom_padding_phone=\u00bb30px|20px|30px|20px|true|true\u00bb custom_padding_last_edited=\u00bbon|desktop\u00bb link_option_url=\u00bb@ET-DC@eyJkeW5hbWljIjp0cnVlLCJjb250ZW50IjoicG9zdF9saW5rX3VybF9wYWdlIiwic2V0dGluZ3MiOnsicG9zdF9pZCI6IjU5NyJ9fQ==@\u00bb global_colors_info=\u00bb{}\u00bb][et_pb_text disabled_on=\u00bbon|on|on\u00bb _builder_version=\u00bb4.27.4&#8243; _module_preset=\u00bbdefault\u00bb disabled=\u00bbon\u00bb global_colors_info=\u00bb{}\u00bb]<\/p>\n<p><span style=\"color: #ffffff; font-size: xx-small;\">&#8211; VESTPARNERS &#8211;<\/span><\/p>\n<p>[\/et_pb_text][et_pb_text _builder_version=\u00bb4.27.4&#8243; _module_preset=\u00bb96d3f737-6114-4056-9e4d-23f4e20ab05a\u00bb header_3_text_color=\u00bb#FFFFFF\u00bb width=\u00bb100%\u00bb max_width=\u00bb100%\u00bb module_alignment=\u00bbcenter\u00bb custom_margin=\u00bb-8px|||0px|false|false\u00bb custom_padding=\u00bb0px|||0px|false|false\u00bb inline_fonts=\u00bbNanum Myeongjo,Montserrat,Nanum Gothic,Molengo,Poppins\u00bb global_colors_info=\u00bb{}\u00bb]<\/p>\n<h2><strong><span style=\"color: #ffffff;\"><\/span><\/strong><\/h2>\n<h2 style=\"text-align: center;\"><a href=\"https:\/\/vestpartners.es\/vestpartners-restructuraciones\/\"><span style=\"font-family: Poppins; font-size: x-large; font-weight: normal;\"><strong><span style=\"color: #ffffff;\">PROCESOS DE REESTRUCTURACI\u00d3N<\/span><\/strong><\/span><\/a><\/h2>\n<p><span style=\"font-family: Montserrat;\"><strong><span style=\"color: #ffffff;\"><\/span><\/strong><\/span><\/p>\n<p>[\/et_pb_text][et_pb_text _builder_version=\u00bb4.20.0&#8243; _module_preset=\u00bb929bfa20-07d0-4e86-8f2d-bcfd68da3c3b\u00bb text_text_color=\u00bb#FFFFFF\u00bb text_orientation=\u00bbcenter\u00bb custom_margin=\u00bb-15px|||||\u00bb custom_padding=\u00bb0px|||||\u00bb inline_fonts=\u00bbPlayfair Display\u00bb global_colors_info=\u00bb{}\u00bb]<\/p>\n<p><span style=\"font-family: 'Playfair Display';\">Nuestro equipo combina experiencia en finanzas, estrategia y gesti\u00f3n del cambio para dise\u00f1ar e implementar soluciones de reestructuraci\u00f3n efectivas, maximizando el valor y la sostenibilidad empresarial.<\/span><\/p>\n<p>[\/et_pb_text][\/et_pb_column][et_pb_column type=\u00bb1_3&#8243; _builder_version=\u00bb4.27.4&#8243; _dynamic_attributes=\u00bblink_option_url\u00bb _module_preset=\u00bbdefault\u00bb use_background_color_gradient=\u00bbon\u00bb background_color_gradient_stops=\u00bb#325889 0%|#325889 100%\u00bb background_color_gradient_overlays_image=\u00bbon\u00bb background_enable_image=\u00bboff\u00bb background_enable_pattern_style=\u00bbon\u00bb background_pattern_style=\u00bbscallops\u00bb background_pattern_transform=\u00bbflip_horizontal|flip_vertical\u00bb background_pattern_size=\u00bbcustom\u00bb background_pattern_width=\u00bb1000px\u00bb background_pattern_height=\u00bb1000px\u00bb background_pattern_repeat_origin=\u00bbtop_center\u00bb background_pattern_vertical_offset=\u00bb87%\u00bb custom_padding=\u00bb60px|30px|60px|30px|true|true\u00bb custom_padding_tablet=\u00bb40px||40px||true|false\u00bb custom_padding_phone=\u00bb30px|20px|30px|20px|true|true\u00bb custom_padding_last_edited=\u00bbon|desktop\u00bb link_option_url=\u00bb@ET-DC@eyJkeW5hbWljIjp0cnVlLCJjb250ZW50IjoicG9zdF9saW5rX3VybF9wYWdlIiwic2V0dGluZ3MiOnsicG9zdF9pZCI6IjY0NSJ9fQ==@\u00bb global_colors_info=\u00bb{}\u00bb][et_pb_text disabled_on=\u00bbon|on|on\u00bb _builder_version=\u00bb4.27.4&#8243; _module_preset=\u00bbdefault\u00bb disabled=\u00bbon\u00bb locked=\u00bboff\u00bb global_colors_info=\u00bb{}\u00bb]<\/p>\n<p><span style=\"color: #ffffff; font-size: xx-small;\">&#8211; VESTPARNERS &#8211;<\/span><\/p>\n<p>[\/et_pb_text][et_pb_text _builder_version=\u00bb4.27.4&#8243; _module_preset=\u00bb96d3f737-6114-4056-9e4d-23f4e20ab05a\u00bb header_3_text_color=\u00bb#FFFFFF\u00bb text_orientation=\u00bbcenter\u00bb inline_fonts=\u00bbABeeZee,Nanum Myeongjo,Montserrat,Nanum Gothic,Poppins\u00bb global_colors_info=\u00bb{}\u00bb]<\/p>\n<h2 style=\"text-align: center;\"><a href=\"https:\/\/vestpartners.es\/vest-asesoramiento-corporativo\/\"><span style=\"font-size: x-large; font-family: Poppins; font-weight: normal;\"><span style=\"color: #ffffff;\"><strong>ASESORAMIENTO <\/strong><\/span><span style=\"color: #ffffff;\"><strong>CORPORATIVO<\/strong><\/span><\/span><\/a><\/h2>\n<p>[\/et_pb_text][et_pb_text _builder_version=\u00bb4.20.0&#8243; _module_preset=\u00bb929bfa20-07d0-4e86-8f2d-bcfd68da3c3b\u00bb text_text_color=\u00bb#000000&#8243; text_orientation=\u00bbcenter\u00bb custom_margin=\u00bb-16px|||||\u00bb custom_padding=\u00bb0px|||||\u00bb inline_fonts=\u00bbPlayfair Display\u00bb global_colors_info=\u00bb{}\u00bb]<\/p>\n<p><span style=\"color: #ffffff; font-family: 'Playfair Display';\">Brindamos soluciones financieras para impulsar crecimiento y eficiencia. Nuestro equipo combina conocimientos de mercado y an\u00e1lisis detallados para guiar decisiones financieras corporativas.<\/span><\/p>\n<p>[\/et_pb_text][\/et_pb_column][et_pb_column type=\u00bb1_3&#8243; _builder_version=\u00bb4.27.3&#8243; _dynamic_attributes=\u00bblink_option_url\u00bb _module_preset=\u00bbdefault\u00bb use_background_color_gradient=\u00bbon\u00bb background_color_gradient_stops=\u00bb#325889 0%|#325889 100%\u00bb background_color_gradient_overlays_image=\u00bbon\u00bb background_enable_image=\u00bboff\u00bb background_enable_pattern_style=\u00bbon\u00bb background_pattern_style=\u00bbscallops\u00bb background_pattern_transform=\u00bbflip_horizontal|flip_vertical\u00bb background_pattern_size=\u00bbcustom\u00bb background_pattern_width=\u00bb1000px\u00bb background_pattern_height=\u00bb1000px\u00bb background_pattern_repeat_origin=\u00bbtop_right\u00bb background_pattern_vertical_offset=\u00bb87%\u00bb custom_padding=\u00bb60px|30px|60px|30px|true|true\u00bb custom_padding_tablet=\u00bb40px||40px||true|false\u00bb custom_padding_phone=\u00bb30px|20px|30px|20px|true|true\u00bb custom_padding_last_edited=\u00bbon|desktop\u00bb link_option_url=\u00bb@ET-DC@eyJkeW5hbWljIjp0cnVlLCJjb250ZW50IjoicG9zdF9saW5rX3VybF9wYWdlIiwic2V0dGluZ3MiOnsicG9zdF9pZCI6IjU4NyJ9fQ==@\u00bb global_colors_info=\u00bb{}\u00bb][et_pb_text disabled_on=\u00bbon|on|on\u00bb _builder_version=\u00bb4.27.4&#8243; _module_preset=\u00bbdefault\u00bb disabled=\u00bbon\u00bb locked=\u00bboff\u00bb global_colors_info=\u00bb{}\u00bb]<\/p>\n<h3><span style=\"color: #ffffff; font-size: xx-small;\">&#8211; VESTPARNERS &#8211;<\/span><\/h3>\n<p>[\/et_pb_text][et_pb_text _builder_version=\u00bb4.27.4&#8243; _module_preset=\u00bb96d3f737-6114-4056-9e4d-23f4e20ab05a\u00bb header_3_text_color=\u00bb#FFFFFF\u00bb transform_translate=\u00bb0px|-9px\u00bb transform_translate_linked=\u00bboff\u00bb text_orientation=\u00bbcenter\u00bb inline_fonts=\u00bbNanum Myeongjo,Montserrat,Nanum Gothic,Poppins\u00bb global_colors_info=\u00bb{}\u00bb]<\/p>\n<h2><span style=\"color: #ffffff; font-family: Poppins; font-weight: normal; font-size: x-large;\"><strong><\/strong><\/span><\/h2>\n<h2><span style=\"color: #ffffff; font-family: Poppins; font-weight: normal; font-size: x-large;\"><strong><\/strong><\/span><\/h2>\n<h2><a href=\"https:\/\/vestpartners.es\/disputas-comerciales\/\"><span style=\"color: #ffffff; font-family: Poppins; font-weight: normal; font-size: x-large;\"><strong>DISPUTAS<\/strong><\/span><\/a><\/h2>\n<p>[\/et_pb_text][et_pb_text _builder_version=\u00bb4.20.0&#8243; _module_preset=\u00bb929bfa20-07d0-4e86-8f2d-bcfd68da3c3b\u00bb text_text_color=\u00bb#FFFFFF\u00bb text_orientation=\u00bbcenter\u00bb custom_margin=\u00bb-15px|||||\u00bb inline_fonts=\u00bbPlayfair Display\u00bb global_colors_info=\u00bb{}\u00bb]<\/p>\n<p><span style=\"font-family: 'Playfair Display';\">Ofrecemos asesoramiento experto en conflictos empresariales complejos. Combinamos conocimiento legal, financiero y estrat\u00e9gico para resolver disputas de manera eficiente y favorable para nuestros clientes.<\/span><\/p>\n<p>[\/et_pb_text][\/et_pb_column][\/et_pb_row][\/et_pb_section][et_pb_section fb_built=\u00bb1&#8243; specialty=\u00bbon\u00bb padding_top_2=\u00bb90px\u00bb padding_top_bottom_link_2=\u00bbfalse\u00bb padding_left_right_link_2=\u00bbfalse\u00bb padding_2_tablet=\u00bb0px||||false|false\u00bb padding_2_phone=\u00bb0px||||false|false\u00bb padding_2_last_edited=\u00bbon|desktop\u00bb admin_label=\u00bbFeatures\u00bb _builder_version=\u00bb4.27.4&#8243; _module_preset=\u00bbdefault\u00bb background_color=\u00bb#FFFFFF\u00bb custom_padding=\u00bb61px|||||\u00bb collapsed=\u00bbon\u00bb global_colors_info=\u00bb{}\u00bb][et_pb_column type=\u00bb1_2&#8243; specialty_columns=\u00bb2&#8243; _builder_version=\u00bb4.16&#8243; _module_preset=\u00bbdefault\u00bb custom_padding=\u00bb|||\u00bb global_colors_info=\u00bb{}\u00bb custom_padding__hover=\u00bb|||\u00bb][et_pb_row_inner column_structure=\u00bb1_2,1_2&#8243; use_custom_gutter=\u00bbon\u00bb gutter_width=\u00bb1&#8243; _builder_version=\u00bb4.27.4&#8243; _module_preset=\u00bbdefault\u00bb custom_margin=\u00bb||-13px|||\u00bb custom_padding=\u00bb1px||1px|||\u00bb global_colors_info=\u00bb{}\u00bb][et_pb_column_inner type=\u00bb1_2&#8243; saved_specialty_column_type=\u00bb1_2&#8243; disabled_on=\u00bbon|off|off\u00bb _builder_version=\u00bb4.27.4&#8243; _module_preset=\u00bbdefault\u00bb custom_padding=\u00bb60px||||false|false\u00bb custom_padding_tablet=\u00bb60px||||false|false\u00bb custom_padding_phone=\u00bb0px||||false|false\u00bb custom_padding_last_edited=\u00bbon|desktop\u00bb global_colors_info=\u00bb{}\u00bb][et_pb_image src=\u00bbhttps:\/\/vestpartners.es\/wp-content\/uploads\/2024\/10\/attorney-19.jpg\u00bb title_text=\u00bbattorney-19&#8243; disabled_on=\u00bbon|off|off\u00bb _builder_version=\u00bb4.27.4&#8243; _module_preset=\u00bbdefault\u00bb global_colors_info=\u00bb{}\u00bb][\/et_pb_image][\/et_pb_column_inner][et_pb_column_inner type=\u00bb1_2&#8243; saved_specialty_column_type=\u00bb1_2&#8243; _builder_version=\u00bb4.20.0&#8243; _module_preset=\u00bbdefault\u00bb global_colors_info=\u00bb{}\u00bb][et_pb_image src=\u00bbhttps:\/\/vestpartners.es\/wp-content\/uploads\/2024\/11\/Diseno-sin-titulo-15.png\u00bb title_text=\u00bbDise\u00f1o sin t\u00edtulo (15)\u00bb disabled_on=\u00bbon|off|off\u00bb _builder_version=\u00bb4.27.4&#8243; _module_preset=\u00bbdefault\u00bb locked=\u00bboff\u00bb global_colors_info=\u00bb{}\u00bb][\/et_pb_image][\/et_pb_column_inner][\/et_pb_row_inner][\/et_pb_column][et_pb_column type=\u00bb1_2&#8243; _builder_version=\u00bb4.16&#8243; _module_preset=\u00bbdefault\u00bb custom_padding=\u00bb|||\u00bb global_colors_info=\u00bb{}\u00bb custom_padding__hover=\u00bb|||\u00bb][et_pb_text _builder_version=\u00bb4.20.0&#8243; _module_preset=\u00bbffcd1e81-b4b4-4e44-9972-f44a93db8c24&#8243; inline_fonts=\u00bbPoppins\u00bb global_colors_info=\u00bb{%22gcid-11d3dbbb-f6dc-4fb8-929b-9d6994368d00%22:%91%22header_2_text_color%22%93}\u00bb]<\/p>\n<h2><span style=\"color: #545454;\"><strong><span style=\"font-family: Poppins;\">LA EXPERIENCIA NOS AVALA<\/span><\/strong><\/span><\/h2>\n<p>[\/et_pb_text][et_pb_button button_url=\u00bb@ET-DC@eyJkeW5hbWljIjp0cnVlLCJjb250ZW50IjoicG9zdF9saW5rX3VybF9wYWdlIiwic2V0dGluZ3MiOnsicG9zdF9pZCI6IjI4NyJ9fQ==@\u00bb button_text=\u00bbSOBRE NOSOTROS\u00bb module_id=\u00bbboton-sobre-nosotros\u00bb _builder_version=\u00bb4.27.4&#8243; _dynamic_attributes=\u00bbbutton_url\u00bb _module_preset=\u00bbdef4952a-032d-4f0c-9fa8-4ecc45b1d5da\u00bb button_text_color=\u00bb#545454&#8243; button_border_color=\u00bb#000000&#8243; button_font=\u00bbPlayfair Display|800||on|||||\u00bb custom_css_free_form=\u00bb#boton-sobre-nosotros {||  width: 215px !important;||  display: block !important;||}\u00bb global_colors_info=\u00bb{}\u00bb][\/et_pb_button][et_pb_social_media_follow _builder_version=\u00bb4.27.4&#8243; _module_preset=\u00bbdefault\u00bb global_colors_info=\u00bb{}\u00bb][et_pb_social_media_follow_network social_network=\u00bblinkedin\u00bb url=\u00bbhttps:\/\/www.linkedin.com\/company\/vest-partners-estrada\/\u00bb _builder_version=\u00bb4.27.4&#8243; _module_preset=\u00bbdefault\u00bb background_color=\u00bb#007bb6&#8243; global_colors_info=\u00bb{}\u00bb follow_button=\u00bboff\u00bb url_new_window=\u00bbon\u00bb]linkedin[\/et_pb_social_media_follow_network][\/et_pb_social_media_follow][et_pb_text _builder_version=\u00bb4.20.0&#8243; _module_preset=\u00bb929bfa20-07d0-4e86-8f2d-bcfd68da3c3b\u00bb text_text_color=\u00bb#FFFFFF\u00bb inline_fonts=\u00bbPlayfair Display\u00bb global_colors_info=\u00bb{}\u00bb]<\/p>\n<p><span style=\"color: #545454; font-family: 'Playfair Display'; font-weight: normal;\">Confiar en\u00a0nuestra firma\u00a0significa contar con un\u00a0aliado estrat\u00e9gico\u00a0comprometido con la\u00a0excelencia, la\u00a0integridad\u00a0y los\u00a0resultados. Estamos aqu\u00ed para ayudar a las empresas a navegar por las complejidades del mundo de los negocios y a escribir sus propias historias de \u00e9xito.<\/span><\/p>\n<p>[\/et_pb_text][et_pb_blurb title=\u00bbexcelencia\u00bb use_icon=\u00bbon\u00bb font_icon=\u00bb&#x4e;||divi||400&#8243; icon_color=\u00bb#FFFFFF\u00bb image_icon_width=\u00bb13px\u00bb _builder_version=\u00bb4.27.4&#8243; _module_preset=\u00bb9335d7d1-3bd2-4adb-96bd-0dfbdbfe1ac6&#8243; header_font=\u00bbPoppins|600||on|||||\u00bb header_text_color=\u00bb#545454&#8243; header_font_size=\u00bb18px\u00bb custom_margin=\u00bb||0px|||\u00bb locked=\u00bboff\u00bb global_colors_info=\u00bb{}\u00bb][\/et_pb_blurb][et_pb_blurb title=\u00bbindependencia\u00bb use_icon=\u00bbon\u00bb font_icon=\u00bb&#x4e;||divi||400&#8243; icon_color=\u00bb#FFFFFF\u00bb image_icon_width=\u00bb13px\u00bb _builder_version=\u00bb4.27.4&#8243; _module_preset=\u00bb9335d7d1-3bd2-4adb-96bd-0dfbdbfe1ac6&#8243; header_font=\u00bbPoppins|600||on|||||\u00bb header_text_color=\u00bb#545454&#8243; header_font_size=\u00bb18px\u00bb custom_margin=\u00bb||0px|||\u00bb locked=\u00bboff\u00bb global_colors_info=\u00bb{}\u00bb][\/et_pb_blurb][et_pb_blurb title=\u00bbcompromiso\u00bb use_icon=\u00bbon\u00bb font_icon=\u00bb&#x4e;||divi||400&#8243; icon_color=\u00bb#FFFFFF\u00bb image_icon_width=\u00bb13px\u00bb _builder_version=\u00bb4.27.4&#8243; _module_preset=\u00bb9335d7d1-3bd2-4adb-96bd-0dfbdbfe1ac6&#8243; header_font=\u00bbPoppins|600||on|||||\u00bb header_text_color=\u00bb#545454&#8243; header_font_size=\u00bb18px\u00bb custom_margin=\u00bb||0px|||\u00bb locked=\u00bboff\u00bb global_colors_info=\u00bb{}\u00bb][\/et_pb_blurb][\/et_pb_column][\/et_pb_section]<\/p>\n","protected":false},"excerpt":{"rendered":"<p>&#8211; VESTPARNERS &#8211; PROCESOS DE REESTRUCTURACI\u00d3N Nuestro equipo combina experiencia en finanzas, estrategia y gesti\u00f3n del cambio para dise\u00f1ar e implementar soluciones de reestructuraci\u00f3n efectivas, maximizando el valor y la sostenibilidad empresarial.- VESTPARNERS -ASESORAMIENTO CORPORATIVOBrindamos soluciones financieras para impulsar crecimiento y eficiencia. Nuestro equipo combina conocimientos de mercado y an\u00e1lisis detallados para guiar decisiones financieras [&hellip;]<\/p>\n","protected":false},"author":1,"featured_media":0,"parent":0,"menu_order":0,"comment_status":"closed","ping_status":"closed","template":"","meta":{"_et_pb_use_builder":"on","_et_pb_old_content":"","_et_gb_content_width":"","footnotes":""},"class_list":["post-589","page","type-page","status-publish","hentry"],"aioseo_notices":[],"_links":{"self":[{"href":"https:\/\/vestpartners.es\/en\/wp-json\/wp\/v2\/pages\/589","targetHints":{"allow":["GET"]}}],"collection":[{"href":"https:\/\/vestpartners.es\/en\/wp-json\/wp\/v2\/pages"}],"about":[{"href":"https:\/\/vestpartners.es\/en\/wp-json\/wp\/v2\/types\/page"}],"author":[{"embeddable":true,"href":"https:\/\/vestpartners.es\/en\/wp-json\/wp\/v2\/users\/1"}],"replies":[{"embeddable":true,"href":"https:\/\/vestpartners.es\/en\/wp-json\/wp\/v2\/comments?post=589"}],"version-history":[{"count":61,"href":"https:\/\/vestpartners.es\/en\/wp-json\/wp\/v2\/pages\/589\/revisions"}],"predecessor-version":[{"id":1086,"href":"https:\/\/vestpartners.es\/en\/wp-json\/wp\/v2\/pages\/589\/revisions\/1086"}],"wp:attachment":[{"href":"https:\/\/vestpartners.es\/en\/wp-json\/wp\/v2\/media?parent=589"}],"curies":[{"name":"wp","href":"https:\/\/api.w.org\/{rel}","templated":true}]}}