{"id":287,"date":"2024-09-19T15:13:56","date_gmt":"2024-09-19T15:13:56","guid":{"rendered":"https:\/\/vestpartners.es\/?page_id=287"},"modified":"2024-12-10T17:20:29","modified_gmt":"2024-12-10T17:20:29","slug":"about-us","status":"publish","type":"page","link":"https:\/\/vestpartners.es\/en\/about-us\/","title":{"rendered":"About us"},"content":{"rendered":"<p>[et_pb_section fb_built=\u00bb1&#8243; admin_label=\u00bbHeader\u00bb _builder_version=\u00bb4.20.0&#8243; _module_preset=\u00bbdefault\u00bb use_background_color_gradient=\u00bbon\u00bb background_color_gradient_stops=\u00bb#325889 0%|#325889 100%\u00bb background_color_gradient_overlays_image=\u00bbon\u00bb background_enable_image=\u00bboff\u00bb background_enable_pattern_style=\u00bbon\u00bb background_pattern_style=\u00bbscallops\u00bb background_pattern_transform=\u00bbflip_horizontal|flip_vertical\u00bb background_pattern_size=\u00bbcustom\u00bb background_pattern_width=\u00bb1000px\u00bb background_pattern_height=\u00bb1000px\u00bb background_pattern_vertical_offset=\u00bb87%\u00bb locked=\u00bboff\u00bb collapsed=\u00bbon\u00bb global_colors_info=\u00bb{%22gcid-9fa4a1b6-767d-41ca-984c-a6f10449c843%22:%91%22background_color_gradient_stops%22%93}\u00bb][et_pb_row _builder_version=\u00bb4.20.0&#8243; _module_preset=\u00bbdefault\u00bb global_colors_info=\u00bb{}\u00bb][et_pb_column type=\u00bb4_4&#8243; _builder_version=\u00bb4.20.0&#8243; _module_preset=\u00bbdefault\u00bb global_colors_info=\u00bb{}\u00bb][et_pb_text _builder_version=\u00bb4.20.0&#8243; _module_preset=\u00bb_initial\u00bb header_font=\u00bbNanum Myeongjo|||on|||||\u00bb header_text_color=\u00bbgcid-11d3dbbb-f6dc-4fb8-929b-9d6994368d00&#8243; header_font_size=\u00bb72px\u00bb header_line_height=\u00bb1.2em\u00bb text_orientation=\u00bbcenter\u00bb header_font_size_tablet=\u00bb40px\u00bb header_font_size_phone=\u00bb24px\u00bb header_font_size_last_edited=\u00bbon|desktop\u00bb inline_fonts=\u00bbPoppins\u00bb global_colors_info=\u00bb{%22gcid-11d3dbbb-f6dc-4fb8-929b-9d6994368d00%22:%91%22header_text_color%22%93}\u00bb]<\/p>\n<h1><strong><span style=\"color: #ffffff; font-family: Poppins;\">the vest partner<\/span><\/strong><\/h1>\n<p>[\/et_pb_text][\/et_pb_column][\/et_pb_row][\/et_pb_section][et_pb_section fb_built=\u00bb1&#8243; admin_label=\u00bbServices\u00bb _builder_version=\u00bb4.27.2&#8243; custom_padding=\u00bb40px||90px|||\u00bb animation_style=\u00bbfade\u00bb locked=\u00bboff\u00bb global_colors_info=\u00bb{}\u00bb][et_pb_row _builder_version=\u00bb4.27.2&#8243; _module_preset=\u00bbdefault\u00bb global_colors_info=\u00bb{}\u00bb][et_pb_column type=\u00bb4_4&#8243; _builder_version=\u00bb4.27.0&#8243; _module_preset=\u00bbdefault\u00bb global_colors_info=\u00bb{}\u00bb][et_pb_text _builder_version=\u00bb4.27.2&#8243; _module_preset=\u00bbdefault\u00bb inline_fonts=\u00bbPlayfair Display\u00bb global_colors_info=\u00bb{}\u00bb]<\/p>\n<p><span style=\"font-family: 'Playfair Display'; font-weight: normal; font-size: large;\"><strong><span style=\"color: #063e89;\">VEST Partners <\/span><\/strong>es una firma-<em>boutique<\/em> de asesoramiento especializada en finanzas, operaciones y estrategia. Nuestro enfoque se centra en dar un completo asesoramiento financiero en \u00e1mbitos Transaccionales (M&amp;A \u2013 valoraciones \u2013 Corporate Finance), en Reestructuraciones y en Disputas, ofreciendo soluciones integrales que impulsan el \u00e9xito de nuestros clientes.<\/span><\/p>\n<p><span style=\"font-family: 'Playfair Display'; font-weight: normal; font-size: large;\">Trabajamos con un amplio espectro de organizaciones, desde peque\u00f1as empresas familiares hasta grandes compa\u00f1\u00edas cotizadas en bolsa. Nuestra versatilidad nos permite adaptar nuestros servicios a las necesidades particulares de cada cliente en situaciones de inversi\u00f3n o desinversi\u00f3n y en situaciones especiales o complejas, aportando valor ante eventos que implican riesgos asociados a la rentabilidad, a la recuperaci\u00f3n o a la continuidad. <\/span><\/p>\n<p><span style=\"font-family: 'Playfair Display'; font-weight: normal; font-size: large;\">Asimismo, colaboramos de forma cercana con otros asesores de clientes, financieros y legales. Dada nuestra especializaci\u00f3n colaboramos, a menudo, de forma estrecha y directa, con despachos de abogados, nacionales e internacionales.<\/span><\/p>\n<p><span style=\"font-family: 'Playfair Display'; font-weight: normal; font-size: large;\">Como asesores de confianza, colaboramos con directivos, accionistas, instituciones financieras e inversores potenciales. Nuestro objetivo es proporcionar la claridad y el conocimiento necesarios para tomar decisiones informadas en un entorno empresarial cada vez m\u00e1s complejo.<\/span><\/p>\n<p>[\/et_pb_text][\/et_pb_column][\/et_pb_row][et_pb_row column_structure=\u00bb1_2,1_2&#8243; _builder_version=\u00bb4.23.1&#8243; _module_preset=\u00bb5138c454-be54-4233-bd3b-f8e6a8747976&#8243; global_colors_info=\u00bb{}\u00bb][et_pb_column type=\u00bb1_2&#8243; _builder_version=\u00bb4.17.3&#8243; _module_preset=\u00bb73121f80-a3ef-4484-8763-c3f18e3c56d2&#8243; global_colors_info=\u00bb{}\u00bb][et_pb_blurb title=\u00bbExcelencia\u00bb use_icon=\u00bbon\u00bb font_icon=\u00bb&#xf5a2;||fa||900&#8243; icon_color=\u00bb#063e89&#8243; icon_placement=\u00bbleft\u00bb image_icon_width=\u00bb40px\u00bb content_max_width=\u00bb100%\u00bb _builder_version=\u00bb4.27.4&#8243; _module_preset=\u00bb65059203-12d3-44f6-8371-3f5cf61a0475&#8243; header_font=\u00bbPoppins|Cormorant Garamond_weight|||||||\u00bb header_text_color=\u00bb#111111&#8243; header_font_size=\u00bb18px\u00bb header_line_height=\u00bb1.4em\u00bb body_font=\u00bbPlayfair Display|Proza Libre_weight|||||||\u00bb body_text_color=\u00bbrgba(0,0,0,0.64)\u00bb body_font_size=\u00bb16px\u00bb body_line_height=\u00bb1.75em\u00bb body_link_text_color=\u00bb#004b23&#8243; animation=\u00bboff\u00bb header_font_size_tablet=\u00bb15px\u00bb header_font_size_phone=\u00bb14px\u00bb header_font_size_last_edited=\u00bbon|phone\u00bb body_font_size_tablet=\u00bb15px\u00bb body_font_size_phone=\u00bb14px\u00bb body_font_size_last_edited=\u00bbon|desktop\u00bb border_radii_image=\u00bbon|6px|6px|6px|6px\u00bb locked=\u00bboff\u00bb global_colors_info=\u00bb{%22gcid-f2943306-fa6c-45f0-b632-5fc00151366a%22:%91%22icon_color%22,%22icon_color%22%93}\u00bb]<\/p>\n<p>Nos esforzamos por superar las expectativas, garantizando resultados de alta calidad en todos nuestros proyectos.<\/p>\n<p>[\/et_pb_blurb][et_pb_blurb title=\u00bbIndependencia\u00bb use_icon=\u00bbon\u00bb font_icon=\u00bb&#xf14e;||fa||400&#8243; icon_color=\u00bb#063e89&#8243; icon_placement=\u00bbleft\u00bb image_icon_width=\u00bb40px\u00bb content_max_width=\u00bb100%\u00bb _builder_version=\u00bb4.27.4&#8243; _module_preset=\u00bb65059203-12d3-44f6-8371-3f5cf61a0475&#8243; header_font=\u00bbPoppins|Cormorant Garamond_weight|||||||\u00bb header_text_color=\u00bb#111111&#8243; header_font_size=\u00bb18px\u00bb header_line_height=\u00bb1.4em\u00bb body_font=\u00bbPlayfair Display|Proza Libre_weight|||||||\u00bb body_text_color=\u00bbrgba(0,0,0,0.64)\u00bb body_font_size=\u00bb16px\u00bb body_line_height=\u00bb1.75em\u00bb body_link_text_color=\u00bb#004b23&#8243; animation=\u00bboff\u00bb header_font_size_tablet=\u00bb15px\u00bb header_font_size_phone=\u00bb14px\u00bb header_font_size_last_edited=\u00bbon|phone\u00bb body_font_size_tablet=\u00bb15px\u00bb body_font_size_phone=\u00bb14px\u00bb body_font_size_last_edited=\u00bbon|desktop\u00bb border_radii_image=\u00bbon|6px|6px|6px|6px\u00bb locked=\u00bboff\u00bb global_colors_info=\u00bb{%22gcid-f2943306-fa6c-45f0-b632-5fc00151366a%22:%91%22icon_color%22,%22icon_color%22,%22icon_color%22,%22icon_color%22%93}\u00bb]<\/p>\n<p class=\"whitespace-pre-wrap break-words\">Mantenemos nuestra objetividad profesional, ofreciendo asesoramiento imparcial y recomendaciones basadas \u00fanicamente en el mejor inter\u00e9s de nuestros clientes.<\/p>\n<p class=\"whitespace-pre-wrap break-words\">[\/et_pb_blurb][\/et_pb_column][et_pb_column type=\u00bb1_2&#8243; _builder_version=\u00bb4.17.3&#8243; _module_preset=\u00bb73121f80-a3ef-4484-8763-c3f18e3c56d2&#8243; global_colors_info=\u00bb{}\u00bb][et_pb_blurb title=\u00bbExpertise\u00bb use_icon=\u00bbon\u00bb font_icon=\u00bb&#xf24e;||fa||900&#8243; icon_color=\u00bb#063e89&#8243; icon_placement=\u00bbleft\u00bb image_icon_width=\u00bb40px\u00bb content_max_width=\u00bb100%\u00bb _builder_version=\u00bb4.27.4&#8243; _module_preset=\u00bb65059203-12d3-44f6-8371-3f5cf61a0475&#8243; header_font=\u00bbPoppins|Cormorant Garamond_weight|||||||\u00bb header_text_color=\u00bb#111111&#8243; header_font_size=\u00bb18px\u00bb header_line_height=\u00bb1.4em\u00bb body_font=\u00bbPlayfair Display|Proza Libre_weight|||||||\u00bb body_text_color=\u00bbrgba(0,0,0,0.64)\u00bb body_font_size=\u00bb16px\u00bb body_line_height=\u00bb1.75em\u00bb body_link_text_color=\u00bb#004b23&#8243; animation=\u00bboff\u00bb header_font_size_tablet=\u00bb15px\u00bb header_font_size_phone=\u00bb14px\u00bb header_font_size_last_edited=\u00bbon|phone\u00bb body_font_size_tablet=\u00bb15px\u00bb body_font_size_phone=\u00bb14px\u00bb body_font_size_last_edited=\u00bbon|desktop\u00bb border_radii_image=\u00bbon|6px|6px|6px|6px\u00bb locked=\u00bboff\u00bb global_colors_info=\u00bb{%22gcid-f2943306-fa6c-45f0-b632-5fc00151366a%22:%91%22icon_color%22,%22icon_color%22,%22icon_color%22,%22icon_color%22%93}\u00bb]<\/p>\n<p>Aportamos conocimiento especializado y experiencia comprobada para resolver los desaf\u00edos m\u00e1s complejos de nuestros clientes.<\/p>\n<p>[\/et_pb_blurb][et_pb_blurb title=\u00bbCompromiso\u00bb use_icon=\u00bbon\u00bb font_icon=\u00bb&#xf2b5;||fa||400&#8243; icon_color=\u00bb#063e89&#8243; icon_placement=\u00bbleft\u00bb image_icon_width=\u00bb40px\u00bb content_max_width=\u00bb100%\u00bb _builder_version=\u00bb4.27.4&#8243; _module_preset=\u00bb65059203-12d3-44f6-8371-3f5cf61a0475&#8243; header_font=\u00bbPoppins|Cormorant Garamond_weight|||||||\u00bb header_text_color=\u00bb#111111&#8243; header_font_size=\u00bb18px\u00bb header_line_height=\u00bb1.4em\u00bb body_font=\u00bbPlayfair Display|Proza Libre_weight|||||||\u00bb body_text_color=\u00bbrgba(0,0,0,0.64)\u00bb body_font_size=\u00bb16px\u00bb body_line_height=\u00bb1.75em\u00bb body_link_text_color=\u00bb#004b23&#8243; animation=\u00bboff\u00bb header_font_size_tablet=\u00bb15px\u00bb header_font_size_phone=\u00bb14px\u00bb header_font_size_last_edited=\u00bbon|phone\u00bb body_font_size_tablet=\u00bb15px\u00bb body_font_size_phone=\u00bb14px\u00bb body_font_size_last_edited=\u00bbon|desktop\u00bb border_radii_image=\u00bbon|6px|6px|6px|6px\u00bb locked=\u00bboff\u00bb global_colors_info=\u00bb{%22gcid-f2943306-fa6c-45f0-b632-5fc00151366a%22:%91%22icon_color%22,%22icon_color%22,%22icon_color%22,%22icon_color%22%93}\u00bb]<\/p>\n<p class=\"whitespace-pre-wrap break-words\">Nos dedicamos plenamente a cada proyecto, manteniendo nuestra palabra y cumpliendo consistentemente con los resultados prometidos.<\/p>\n<p class=\"whitespace-pre-wrap break-words\">[\/et_pb_blurb][\/et_pb_column][\/et_pb_row][\/et_pb_section]<\/p>\n","protected":false},"excerpt":{"rendered":"<p>the vest partnerVEST Partners es una firma-boutique de asesoramiento especializada en finanzas, operaciones y estrategia. Nuestro enfoque se centra en dar un completo asesoramiento financiero en \u00e1mbitos Transaccionales (M&amp;A \u2013 valoraciones \u2013 Corporate Finance), en Reestructuraciones y en Disputas, ofreciendo soluciones integrales que impulsan el \u00e9xito de nuestros clientes. Trabajamos con un amplio espectro de [&hellip;]<\/p>\n","protected":false},"author":1,"featured_media":0,"parent":0,"menu_order":0,"comment_status":"closed","ping_status":"closed","template":"","meta":{"_et_pb_use_builder":"on","_et_pb_old_content":"","_et_gb_content_width":"","footnotes":""},"class_list":["post-287","page","type-page","status-publish","hentry"],"aioseo_notices":[],"_links":{"self":[{"href":"https:\/\/vestpartners.es\/en\/wp-json\/wp\/v2\/pages\/287","targetHints":{"allow":["GET"]}}],"collection":[{"href":"https:\/\/vestpartners.es\/en\/wp-json\/wp\/v2\/pages"}],"about":[{"href":"https:\/\/vestpartners.es\/en\/wp-json\/wp\/v2\/types\/page"}],"author":[{"embeddable":true,"href":"https:\/\/vestpartners.es\/en\/wp-json\/wp\/v2\/users\/1"}],"replies":[{"embeddable":true,"href":"https:\/\/vestpartners.es\/en\/wp-json\/wp\/v2\/comments?post=287"}],"version-history":[{"count":28,"href":"https:\/\/vestpartners.es\/en\/wp-json\/wp\/v2\/pages\/287\/revisions"}],"predecessor-version":[{"id":915,"href":"https:\/\/vestpartners.es\/en\/wp-json\/wp\/v2\/pages\/287\/revisions\/915"}],"wp:attachment":[{"href":"https:\/\/vestpartners.es\/en\/wp-json\/wp\/v2\/media?parent=287"}],"curies":[{"name":"wp","href":"https:\/\/api.w.org\/{rel}","templated":true}]}}